{"id":129,"date":"2019-03-20T04:12:33","date_gmt":"2019-03-20T04:12:33","guid":{"rendered":"https:\/\/goya.everthemes.com\/demo-basic\/?page_id=129"},"modified":"2026-01-05T13:17:34","modified_gmt":"2026-01-05T13:17:34","slug":"atelier","status":"publish","type":"page","link":"https:\/\/oatmilkenigma.xyz\/index.php\/atelier\/","title":{"rendered":"Studio"},"content":{"rendered":"<div class=\"wpb-content-wrapper\">[vc_row et_full_width=\u201ctrue\u201c et_row_padding=\u201ctrue\u201c full_height=\u201cyes\u201c columns_placement=\u201cstretch\u201c equal_height=\u201cyes\u201c content_placement=\u201cmiddle\u201c thb_column_padding=\u201ctrue\u201c css=\u201c.vc_custom_1738339698863{padding-top: 80px !important;padding-bottom: 80px !important;background: #f4f4f4 url(https:\/\/oatmilkenigma.xyz\/wp-content\/uploads\/2025\/01\/IMG_0050-scaled.jpeg?id=3486) !important;background-position: center !important;background-repeat: no-repeat !important;background-size: cover !important;}\u201c el_class=\u201cvideo-bg-row\u201c][vc_column][vc_row_inner et_max_width=\u201c\u201c equal_height=\u201cyes\u201c content_placement=\u201cmiddle\u201c css=\u201c.vc_custom_1738339631237{background-position: center !important;background-repeat: no-repeat !important;background-size: cover !important;}\u201c][vc_column_inner css=\u201c.vc_custom_1562725835995{padding-top: 20% !important;padding-right: 20% !important;padding-bottom: 20% !important;padding-left: 20% !important;}\u201c][vc_column_text css=\u201c.vc_custom_1767619051959{margin-top: 30px !important;}\u201c animation=\u201canimation bottom-to-top\u201c]\n<h2 style=\"text-align: center;\"><a style=\"color: white; text-decoration: none;\" href=\"https:\/\/www.youtube.com\/watch?v=a6UWO9QS5co\" target=\"_blank\" rel=\"noopener\">\u00abThe inner workings of our minds are an enigma.\u00bb<br \/>\n<\/a><\/h2>\n[\/vc_column_text][\/vc_column_inner][\/vc_row_inner][\/vc_column][\/vc_row][vc_row et_full_width=\u201ctrue\u201c et_row_padding=\u201ctrue\u201c thb_column_padding=\u201ctrue\u201c thb_shape_divider=\u201ctrue\u201c divider_shape=\u201ctilt_v2\u2033 thb_divider_color=\u201c#242651\u2033 thb_divider_height=\u201c100\u2033 css=\u201c.vc_custom_1738339833355{padding-top: 80px !important;padding-bottom: 50px !important;background-color: #FFFFFF !important;}\u201c][vc_column][vc_row_inner et_column_align=\u201calign-center\u201c equal_height=\u201cyes\u201c el_class=\u201calign-center\u201c][vc_column_inner animation=\u201canimation bottom-to-top\u201c offset=\u201cvc_col-lg-5\u2033][vc_column_text css=\u201c\u201c]\n<h2 style=\"text-align: center;\">Hey! Wir sind OatmilkEnigma.<\/h2>\n[\/vc_column_text][\/vc_column_inner][\/vc_row_inner][vc_row_inner et_column_align=\u201calign-center\u201c equal_height=\u201cyes\u201c el_class=\u201calign-center\u201c][vc_column_inner animation=\u201canimation bottom-to-top\u201c offset=\u201cvc_col-lg-4\u2033][vc_column_text css=\u201c\u201c]\n<p class=\"\" data-start=\"151\" data-end=\"516\">Ein kleines, kreatives Studio zwischen Basel und D\u00fcsseldorf.<br \/>\nWir haben Lust, verschiedenste Dinge zu erschaffen, frei von festen Kategorien, angetrieben von Neugier und der Freude am Gestalten. Bei uns treffen Grafikdesign, Handwerk und Kunst aufeinander, um die Welt ein St\u00fcck bunter und lebendiger zu gestalten.<\/p>\n[\/vc_column_text][\/vc_column_inner][\/vc_row_inner][vc_empty_space height=\u201c50px\u201c][vc_row_inner et_column_align=\u201calign-center\u201c equal_height=\u201cyes\u201c el_class=\u201calign-center\u201c][vc_column_inner width=\u201c1\/4\u2033][vc_column_text css=\u201c\u201c]\n<h3>Amelie<\/h3>\n[\/vc_column_text][vc_column_text css=\u201c\u201c]F\u00fcr mich ist Kunst eine M\u00f6glichkeit, um mehr \u00fcber mich und die Welt um mich herum zu erfahren. Im Gestalten und Illustrieren kann ich meine Wahrnehmung der Welt vermitteln, deren Subjektivit\u00e4t ich gerne durch Verzerrungen hervorhebe. Mir gefallen die spielerischen Interpretationen, die in der Illustration m\u00f6glich sind. Einen bl\u00f6den Tag gehabt? Im Comic mache ich etwas Lustiges raus!<\/p>\n<p>Ich liebe es, neue Dinge zu lernen und mich mit anderen auszutauschen. Ich lerne gerne Sprachen und lasse den einhergehenden kulturellen Austausch in meine Kunst mit einflie\u00dfen.[\/vc_column_text][\/vc_column_inner][vc_column_inner width=\u201c1\/4\u2033][vc_empty_space height=\u201c75px\u201c][vc_single_image image=\u201c3520\u2033 img_size=\u201clarge\u201c css=\u201c\u201c][\/vc_column_inner][vc_column_inner width=\u201c1\/4\u2033][vc_empty_space height=\u201c75px\u201c][vc_single_image image=\u201c3492\u2033 img_size=\u201clarge\u201c css=\u201c\u201c][\/vc_column_inner][vc_column_inner width=\u201c1\/4\u2033][vc_column_text css=\u201c\u201c]\n<h3>Fabrice<\/h3>\n[\/vc_column_text][vc_column_text css=\u201c\u201c]Mich fasziniert, wenn etwas sichtbar wird, das zuvor keinen Ausdruck hatte.<br \/>\nWenn die H\u00e4nde etwas formen, bevor der Verstand es einordnen kann.<br \/>\nGestaltung entsteht f\u00fcr mich aus diesem Moment.<\/p>\n<p>Ich interessiere mich f\u00fcr Dinge mit Charakter und Herz.<br \/>\nF\u00fcr Arbeiten, die aus Aufmerksamkeit entstehen und nicht aus stumpfer Wiederholung.<\/p>\n<p>In diesem Sinne begleite ich dich gerne dabei, deinem Projekt einen Ausdruck zu geben, der sich stimmig anf\u00fchlt und tr\u00e4gt.[\/vc_column_text][\/vc_column_inner][\/vc_row_inner][\/vc_column][\/vc_row]\n<\/div>","protected":false},"excerpt":{"rendered":"<p>[vc_row et_full_width=\u201ctrue\u201c et_row_padding=\u201ctrue\u201c full_height=\u201cyes\u201c columns_placement=\u201cstretch\u201c equal_height=\u201cyes\u201c content_placement=\u201cmiddle\u201c thb_column_padding=\u201ctrue\u201c css=\u201c.vc_custom_1738339698863{padding-top: 80px !important;padding-bottom: 80px !important;background: #f4f4f4 url(https:\/\/oatmilkenigma.xyz\/wp-content\/uploads\/2025\/01\/IMG_0050-scaled.jpeg?id=3486) !important;background-position: center !important;background-repeat: no-repeat !important;background-size: cover !important;}\u201c el_class=\u201cvideo-bg-row\u201c][vc_column][vc_row_inner et_max_width=\u201c\u201c equal_height=\u201cyes\u201c content_placement=\u201cmiddle\u201c css=\u201c.vc_custom_1738339631237{background-position: center !important;background-repeat: no-repeat !important;background-size: cover !important;}\u201c][vc_column_inner css=\u201c.vc_custom_1562725835995{padding-top: 20% !important;padding-right: 20% !important;padding-bottom: 20% !important;padding-left: 20% !important;}\u201c][vc_column_text css=\u201c.vc_custom_1767619051959{margin-top: 30px !important;}\u201c animation=\u201canimation bottom-to-top\u201c] \u00abThe inner workings [&hellip;]<\/p>\n","protected":false},"author":1,"featured_media":0,"parent":0,"menu_order":0,"comment_status":"closed","ping_status":"closed","template":"","meta":{"_monsterinsights_skip_tracking":false,"_monsterinsights_sitenote_active":false,"_monsterinsights_sitenote_note":"","_monsterinsights_sitenote_category":0,"footnotes":""},"class_list":["post-129","page","type-page","status-publish","hentry"],"_links":{"self":[{"href":"https:\/\/oatmilkenigma.xyz\/index.php\/wp-json\/wp\/v2\/pages\/129","targetHints":{"allow":["GET"]}}],"collection":[{"href":"https:\/\/oatmilkenigma.xyz\/index.php\/wp-json\/wp\/v2\/pages"}],"about":[{"href":"https:\/\/oatmilkenigma.xyz\/index.php\/wp-json\/wp\/v2\/types\/page"}],"author":[{"embeddable":true,"href":"https:\/\/oatmilkenigma.xyz\/index.php\/wp-json\/wp\/v2\/users\/1"}],"replies":[{"embeddable":true,"href":"https:\/\/oatmilkenigma.xyz\/index.php\/wp-json\/wp\/v2\/comments?post=129"}],"version-history":[{"count":46,"href":"https:\/\/oatmilkenigma.xyz\/index.php\/wp-json\/wp\/v2\/pages\/129\/revisions"}],"predecessor-version":[{"id":3419,"href":"https:\/\/oatmilkenigma.xyz\/index.php\/wp-json\/wp\/v2\/pages\/129\/revisions\/3419"}],"wp:attachment":[{"href":"https:\/\/oatmilkenigma.xyz\/index.php\/wp-json\/wp\/v2\/media?parent=129"}],"curies":[{"name":"wp","href":"https:\/\/api.w.org\/{rel}","templated":true}]}}